{"id":3275,"date":"2018-04-11T14:01:04","date_gmt":"2018-04-11T14:01:04","guid":{"rendered":"https:\/\/www.hifab.se\/hem\/"},"modified":"2023-12-18T15:40:45","modified_gmt":"2023-12-18T14:40:45","slug":"hem","status":"publish","type":"page","link":"https:\/\/hifab.se\/en\/","title":{"rendered":"Hem"},"content":{"rendered":"","protected":false},"excerpt":{"rendered":"","protected":false},"author":1,"featured_media":0,"parent":0,"menu_order":0,"comment_status":"closed","ping_status":"closed","template":"","meta":{"footnotes":""},"yoast_head":"<!-- This site is optimized with the Yoast SEO plugin v18.1 - https:\/\/yoast.com\/wordpress\/plugins\/seo\/ -->\n<meta name=\"description\" content=\"Oberoende r\u00e5dgivning och projektledning inom fastigheter och samh\u00e4llsbyggnad.\" \/>\n<meta name=\"robots\" content=\"index, follow, max-snippet:-1, max-image-preview:large, max-video-preview:-1\" \/>\n<link rel=\"canonical\" href=\"https:\/\/www.hifab.se\/en\/\" \/>\n<meta property=\"og:locale\" content=\"en_US\" \/>\n<meta property=\"og:type\" content=\"article\" \/>\n<meta property=\"og:title\" content=\"Vi leder utvecklingen inom fastigheter &amp; samh\u00e4llsbyggnad | Hifab\" \/>\n<meta property=\"og:description\" content=\"Oberoende r\u00e5dgivning och projektledning inom fastigheter och samh\u00e4llsbyggnad.\" \/>\n<meta property=\"og:url\" content=\"https:\/\/www.hifab.se\/en\/\" \/>\n<meta property=\"og:site_name\" content=\"Hifab\" \/>\n<meta property=\"article:modified_time\" content=\"2023-12-18T14:40:45+00:00\" \/>\n<meta property=\"og:image\" content=\"https:\/\/hifab.se\/wp-content\/uploads\/2022\/10\/Hero-BgImage-Stock.png\" \/>\n\t<meta property=\"og:image:width\" content=\"1920\" \/>\n\t<meta property=\"og:image:height\" content=\"1179\" \/>\n\t<meta property=\"og:image:type\" content=\"image\/png\" \/>\n<meta name=\"twitter:card\" content=\"summary_large_image\" \/>\n<script type=\"application\/ld+json\" class=\"yoast-schema-graph\">{\"@context\":\"https:\/\/schema.org\",\"@graph\":[{\"@type\":\"WebSite\",\"@id\":\"https:\/\/www.hifab.se\/#website\",\"url\":\"https:\/\/www.hifab.se\/\",\"name\":\"Hifab\",\"description\":\"Oberoende r\u00e5dgivning och ledning\",\"potentialAction\":[{\"@type\":\"SearchAction\",\"target\":{\"@type\":\"EntryPoint\",\"urlTemplate\":\"https:\/\/www.hifab.se\/?s={search_term_string}\"},\"query-input\":\"required name=search_term_string\"}],\"inLanguage\":\"en-US\"},{\"@type\":\"ImageObject\",\"@id\":\"https:\/\/www.hifab.se\/en\/#primaryimage\",\"inLanguage\":\"en-US\",\"url\":\"https:\/\/hifab.se\/wp-content\/uploads\/2022\/10\/Hero-BgImage-Stock.png\",\"contentUrl\":\"https:\/\/hifab.se\/wp-content\/uploads\/2022\/10\/Hero-BgImage-Stock.png\",\"width\":1920,\"height\":1179},{\"@type\":\"WebPage\",\"@id\":\"https:\/\/www.hifab.se\/en\/#webpage\",\"url\":\"https:\/\/www.hifab.se\/en\/\",\"name\":\"Vi leder utvecklingen inom fastigheter & samh\u00e4llsbyggnad | Hifab\",\"isPartOf\":{\"@id\":\"https:\/\/www.hifab.se\/#website\"},\"datePublished\":\"2018-04-11T14:01:04+00:00\",\"dateModified\":\"2023-12-18T14:40:45+00:00\",\"description\":\"Oberoende r\u00e5dgivning och projektledning inom fastigheter och samh\u00e4llsbyggnad.\",\"breadcrumb\":{\"@id\":\"https:\/\/www.hifab.se\/en\/#breadcrumb\"},\"inLanguage\":\"en-US\",\"potentialAction\":[{\"@type\":\"ReadAction\",\"target\":[\"https:\/\/www.hifab.se\/en\/\"]}]},{\"@type\":\"BreadcrumbList\",\"@id\":\"https:\/\/www.hifab.se\/en\/#breadcrumb\",\"itemListElement\":[{\"@type\":\"ListItem\",\"position\":1,\"name\":\"Home\",\"item\":\"https:\/\/www.hifab.se\/en\/\"},{\"@type\":\"ListItem\",\"position\":2,\"name\":\"Hem\"}]}]}<\/script>\n<!-- \/ Yoast SEO plugin. -->","yoast_head_json":{"description":"Oberoende r\u00e5dgivning och projektledning inom fastigheter och samh\u00e4llsbyggnad.","robots":{"index":"index","follow":"follow","max-snippet":"max-snippet:-1","max-image-preview":"max-image-preview:large","max-video-preview":"max-video-preview:-1"},"canonical":"https:\/\/www.hifab.se\/en\/","og_locale":"en_US","og_type":"article","og_title":"Vi leder utvecklingen inom fastigheter & samh\u00e4llsbyggnad | Hifab","og_description":"Oberoende r\u00e5dgivning och projektledning inom fastigheter och samh\u00e4llsbyggnad.","og_url":"https:\/\/www.hifab.se\/en\/","og_site_name":"Hifab","article_modified_time":"2023-12-18T14:40:45+00:00","og_image":[{"width":1920,"height":1179,"url":"https:\/\/hifab.se\/wp-content\/uploads\/2022\/10\/Hero-BgImage-Stock.png","type":"image\/png"}],"twitter_card":"summary_large_image","schema":{"@context":"https:\/\/schema.org","@graph":[{"@type":"WebSite","@id":"https:\/\/www.hifab.se\/#website","url":"https:\/\/www.hifab.se\/","name":"Hifab","description":"Oberoende r\u00e5dgivning och ledning","potentialAction":[{"@type":"SearchAction","target":{"@type":"EntryPoint","urlTemplate":"https:\/\/www.hifab.se\/?s={search_term_string}"},"query-input":"required name=search_term_string"}],"inLanguage":"en-US"},{"@type":"ImageObject","@id":"https:\/\/www.hifab.se\/en\/#primaryimage","inLanguage":"en-US","url":"https:\/\/hifab.se\/wp-content\/uploads\/2022\/10\/Hero-BgImage-Stock.png","contentUrl":"https:\/\/hifab.se\/wp-content\/uploads\/2022\/10\/Hero-BgImage-Stock.png","width":1920,"height":1179},{"@type":"WebPage","@id":"https:\/\/www.hifab.se\/en\/#webpage","url":"https:\/\/www.hifab.se\/en\/","name":"Vi leder utvecklingen inom fastigheter & samh\u00e4llsbyggnad | Hifab","isPartOf":{"@id":"https:\/\/www.hifab.se\/#website"},"datePublished":"2018-04-11T14:01:04+00:00","dateModified":"2023-12-18T14:40:45+00:00","description":"Oberoende r\u00e5dgivning och projektledning inom fastigheter och samh\u00e4llsbyggnad.","breadcrumb":{"@id":"https:\/\/www.hifab.se\/en\/#breadcrumb"},"inLanguage":"en-US","potentialAction":[{"@type":"ReadAction","target":["https:\/\/www.hifab.se\/en\/"]}]},{"@type":"BreadcrumbList","@id":"https:\/\/www.hifab.se\/en\/#breadcrumb","itemListElement":[{"@type":"ListItem","position":1,"name":"Home","item":"https:\/\/www.hifab.se\/en\/"},{"@type":"ListItem","position":2,"name":"Hem"}]}]}},"_links":{"self":[{"href":"https:\/\/hifab.se\/en\/wp-json\/wp\/v2\/pages\/3275"}],"collection":[{"href":"https:\/\/hifab.se\/en\/wp-json\/wp\/v2\/pages"}],"about":[{"href":"https:\/\/hifab.se\/en\/wp-json\/wp\/v2\/types\/page"}],"author":[{"embeddable":true,"href":"https:\/\/hifab.se\/en\/wp-json\/wp\/v2\/users\/1"}],"replies":[{"embeddable":true,"href":"https:\/\/hifab.se\/en\/wp-json\/wp\/v2\/comments?post=3275"}],"version-history":[{"count":209,"href":"https:\/\/hifab.se\/en\/wp-json\/wp\/v2\/pages\/3275\/revisions"}],"predecessor-version":[{"id":6402,"href":"https:\/\/hifab.se\/en\/wp-json\/wp\/v2\/pages\/3275\/revisions\/6402"}],"wp:attachment":[{"href":"https:\/\/hifab.se\/en\/wp-json\/wp\/v2\/media?parent=3275"}],"curies":[{"name":"wp","href":"https:\/\/api.w.org\/{rel}","templated":true}]}}